{"id":2679,"date":"2024-06-09T14:11:53","date_gmt":"2024-06-09T06:11:53","guid":{"rendered":"https:\/\/www.superhero.com.tw\/?post_type=product&#038;p=2679"},"modified":"2024-09-14T11:08:25","modified_gmt":"2024-09-14T03:08:25","slug":"%e9%87%8e%e6%a0%bc%e5%88%a9%e5%8f%a3%e9%85%92","status":"publish","type":"product","link":"https:\/\/www.superhero.com.tw\/en\/product\/%e9%87%8e%e6%a0%bc%e5%88%a9%e5%8f%a3%e9%85%92\/","title":{"rendered":"Jagermeister"},"content":{"rendered":"<p>J\u00e4germeister liqueur is brewed from 56 selected materials, soaked in 70% alcohol, and has a light anise flavor. It is slightly sweet and smooth in the throat. After it is chilled in the mouth, a heat source immediately escapes from the stomach; except Drink it chilled, and can also be paired with a variety of drinks to create a variety of cocktails for a different flavor.<\/p>","protected":false},"excerpt":{"rendered":"<p>Just as J\u00e4germeister Shots have become a must-have drink at various parties, J\u00e4germeister has become a symbol of happy times. A global wonder, J\u00e4germeister has gained immense popularity around the world and is now the eighth largest international spirits brand in the world and the largest spirits brand from Germany.<\/p>\n<p>Origin: Germany<br \/>\nAlcohol content: 35 degrees<br \/>\nCapacity: 700ml<br \/>\nSpecifications: 12 bottles\/box (can be retailed)<\/p>","protected":false},"featured_media":1475,"template":"","meta":[],"product_cat":[21,30],"product_tag":[234,235],"class_list":{"0":"post-2679","1":"product","2":"type-product","3":"status-publish","4":"has-post-thumbnail","6":"product_cat-duty-free","7":"product_cat-gin","8":"product_tag-jagermeister","9":"product_tag-235","11":"first","12":"instock","13":"shipping-taxable","14":"product-type-simple"},"_links":{"self":[{"href":"https:\/\/www.superhero.com.tw\/en\/wp-json\/wp\/v2\/product\/2679","targetHints":{"allow":["GET"]}}],"collection":[{"href":"https:\/\/www.superhero.com.tw\/en\/wp-json\/wp\/v2\/product"}],"about":[{"href":"https:\/\/www.superhero.com.tw\/en\/wp-json\/wp\/v2\/types\/product"}],"version-history":[{"count":1,"href":"https:\/\/www.superhero.com.tw\/en\/wp-json\/wp\/v2\/product\/2679\/revisions"}],"predecessor-version":[{"id":2680,"href":"https:\/\/www.superhero.com.tw\/en\/wp-json\/wp\/v2\/product\/2679\/revisions\/2680"}],"wp:featuredmedia":[{"embeddable":true,"href":"https:\/\/www.superhero.com.tw\/en\/wp-json\/wp\/v2\/media\/1475"}],"wp:attachment":[{"href":"https:\/\/www.superhero.com.tw\/en\/wp-json\/wp\/v2\/media?parent=2679"}],"wp:term":[{"taxonomy":"product_cat","embeddable":true,"href":"https:\/\/www.superhero.com.tw\/en\/wp-json\/wp\/v2\/product_cat?post=2679"},{"taxonomy":"product_tag","embeddable":true,"href":"https:\/\/www.superhero.com.tw\/en\/wp-json\/wp\/v2\/product_tag?post=2679"}],"curies":[{"name":"wp","href":"https:\/\/api.w.org\/{rel}","templated":true}]}}